{"id":13567,"date":"2024-03-27T18:10:20","date_gmt":"2024-03-27T17:10:20","guid":{"rendered":"https:\/\/institutocugat.com\/spanish-arthroscopy-association\/"},"modified":"2025-01-16T08:18:54","modified_gmt":"2025-01-16T07:18:54","slug":"spanish-arthroscopy-association","status":"publish","type":"page","link":"https:\/\/institutocugat.com\/en\/spanish-arthroscopy-association\/","title":{"rendered":"Spanish Arthroscopy Association"},"content":{"rendered":"<div class=\"fusion-fullwidth fullwidth-box fusion-builder-row-1 fusion-flex-container nonhundred-percent-fullwidth non-hundred-percent-height-scrolling doctores-equipo-gris\" style=\"--awb-border-radius-top-left:0px;--awb-border-radius-top-right:0px;--awb-border-radius-bottom-right:0px;--awb-border-radius-bottom-left:0px;--awb-padding-top:40px;--awb-padding-right:10px;--awb-padding-bottom:40px;--awb-padding-left:10px;--awb-padding-right-small:20px;--awb-padding-left-small:20px;--awb-flex-wrap:wrap;\" ><div class=\"fusion-builder-row fusion-row fusion-flex-align-items-flex-start fusion-flex-justify-content-center fusion-flex-content-wrap\" style=\"max-width:calc( 1200px + 0px );margin-left: calc(-0px \/ 2 );margin-right: calc(-0px \/ 2 );\"><div class=\"fusion-layout-column fusion_builder_column fusion-builder-column-0 fusion-flex-column\" style=\"--awb-padding-right:50px;--awb-padding-bottom:50px;--awb-padding-left:50px;--awb-bg-size:cover;--awb-width-large:900px;--awb-spacing-right-large:0px;--awb-margin-bottom-large:0px;--awb-spacing-left-large:0px;--awb-width-medium:900px;--awb-order-medium:0;--awb-spacing-right-medium:0px;--awb-spacing-left-medium:0px;--awb-width-small:100%;--awb-order-small:0;--awb-spacing-right-small:0px;--awb-spacing-left-small:0px;\"><div class=\"fusion-column-wrapper fusion-column-has-shadow fusion-flex-justify-content-flex-start fusion-content-layout-column\"><div class=\"fusion-title title fusion-title-1 fusion-sep-none fusion-title-center fusion-title-text fusion-title-size-one\" style=\"--awb-margin-top-small:10px;--awb-margin-right-small:0px;--awb-margin-bottom-small:10px;--awb-margin-left-small:0px;\"><h1 class=\"fusion-title-heading title-heading-center fusion-responsive-typography-calculated\" style=\"margin:0;--fontSize:48;line-height:1.1;\"><h1>Instituto Cugat brought <span class=\"markadbn9xsbz\" data-markjs=\"true\" data-ogac=\"\" data-ogab=\"\" data-ogsc=\"\" data-ogsb=\"\">arthroscopy<\/span> to Spain<\/h1><\/h1><\/div><div class=\"fusion-separator\" style=\"align-self: center;margin-left: auto;margin-right: auto;margin-top:8px;margin-bottom:16px;width:100%;max-width:150px;\"><div class=\"fusion-separator-border sep-single\" style=\"--awb-height:20px;--awb-amount:20px;--awb-sep-color:#169b98;border-color:#169b98;border-top-width:2px;\"><\/div><\/div><div class=\"fusion-text fusion-text-1 fusion-text-no-margin\" style=\"--awb-content-alignment:center;--awb-font-size:24px;--awb-margin-bottom:24px;\"><h2>Doctors Ram\u00f3n Cugat, Montserrat Garc\u00eda Balletb\u00f3 and Jos\u00e9 Garc\u00eda Cugat, founders <span class=\"markwv5xrexqg\" data-markjs=\"true\" data-ogac=\"\" data-ogab=\"\" data-ogsc=\"\" data-ogsb=\"\">of <\/span>the Spanish Arthroscopy Association<\/h2>\n<\/div><div class=\"fusion-text fusion-text-2 fusion-text-no-margin\" style=\"--awb-content-alignment:center;--awb-margin-bottom:16px;\"><div style=\"text-align: left;\">Arthroscopy is a revolutionary surgical technique that has transformed both the operation process and post-surgery recovery. This is a minimally invasive method for treating joint injuries, It enables quicker recovery, reduces post-operative pain, and eliminates the need for open surgery along with its associated risks.  <\/div>\n<\/div><div class=\"fusion-text fusion-text-3 fusion-text-no-margin\" style=\"--awb-content-alignment:center;--awb-margin-bottom:16px;\"><div style=\"text-align: left;\"><strong>Instituto Cugat<\/strong> pioneered this technique in Spain in the 1980s, following the training of Dr. <strong>Ram\u00f3n Cugat <\/strong>and Dr. <strong>Montserrat Garc\u00eda Balletb\u00f3 <\/strong>at Massachusetts General Hospital &#8211; Harvard University in Boston, USA, in 1979.<\/div>\n<\/div><div class=\"fusion-text fusion-text-4 fusion-text-no-margin\" style=\"--awb-content-alignment:center;--awb-margin-bottom:16px;\"><div style=\"text-align: left;\">Their training stage in Boston was conducted under the guidance of Dr. <strong>Bertram Zarins<\/strong>, one of the leading figures in arthroscopy and sports medicine in the United States. They trained in this field with the goal of returning to Spain to put that knowledge into practice. For this reason, that same year, when Dr. <strong>Ram\u00f3n Cugat<\/strong> and Dr. <strong>Montserrat Garc\u00eda Balletb\u00f3<\/strong> returned to Barcelona, they implemented the acquired knowledge and introduced this technique. <\/div>\n<\/div><div class=\"fusion-text fusion-text-5 fusion-text-no-margin\" style=\"--awb-content-alignment:center;--awb-margin-bottom:16px;\"><div style=\"text-align: left;\">Arthroscopy began to be widely practiced and gained popularity among Spanish doctors. This led Drs. Ram\u00f3n Cugat and Montse Garc\u00eda Balletb\u00f3, along with Dr. <strong>Jos\u00e9 Garc\u00eda Cugat<\/strong>, to establish the Spanish Arthroscopy Association (AEA) in 1982, with the primary goal of promoting this technique throughout Spain. <\/div>\n<\/div><div class=\"fusion-text fusion-text-6\" style=\"--awb-content-alignment:center;\"><div style=\"text-align: left;\">\n<p>Following the establishment of the AEA, Dr. Jos\u00e9 Garc\u00eda Cugat was elected as its first President. In June of the same year, the first course in arthroscopic surgery was held in Barcelona, with Dr. Bertram Zarins as the guest of honour. <\/p>\n<\/div>\n<\/div><\/div><\/div><\/div><\/div>\n","protected":false},"excerpt":{"rendered":"","protected":false},"author":2,"featured_media":0,"parent":0,"menu_order":0,"comment_status":"closed","ping_status":"closed","template":"","meta":{"footnotes":""},"class_list":["post-13567","page","type-page","status-publish","hentry"],"_links":{"self":[{"href":"https:\/\/institutocugat.com\/en\/wp-json\/wp\/v2\/pages\/13567","targetHints":{"allow":["GET"]}}],"collection":[{"href":"https:\/\/institutocugat.com\/en\/wp-json\/wp\/v2\/pages"}],"about":[{"href":"https:\/\/institutocugat.com\/en\/wp-json\/wp\/v2\/types\/page"}],"author":[{"embeddable":true,"href":"https:\/\/institutocugat.com\/en\/wp-json\/wp\/v2\/users\/2"}],"replies":[{"embeddable":true,"href":"https:\/\/institutocugat.com\/en\/wp-json\/wp\/v2\/comments?post=13567"}],"version-history":[{"count":0,"href":"https:\/\/institutocugat.com\/en\/wp-json\/wp\/v2\/pages\/13567\/revisions"}],"wp:attachment":[{"href":"https:\/\/institutocugat.com\/en\/wp-json\/wp\/v2\/media?parent=13567"}],"curies":[{"name":"wp","href":"https:\/\/api.w.org\/{rel}","templated":true}]}}